{"id":156,"date":"2015-07-16T09:12:51","date_gmt":"2015-07-16T09:12:51","guid":{"rendered":"http:\/\/test.kriesi.at\/minimal-portfolio\/?page_id=156"},"modified":"2020-09-24T08:55:29","modified_gmt":"2020-09-24T08:55:29","slug":"contact","status":"publish","type":"page","link":"https:\/\/sassofino.de\/?page_id=156","title":{"rendered":"Kontakt"},"content":{"rendered":"<div class=\"flex_column av_one_full  flex_column_div av-zero-column-padding first  avia-builder-el-0  el_before_av_one_full  avia-builder-el-first  \" style='border-radius:0px; '><div  style='padding-bottom:10px; ' class='av-special-heading av-special-heading-h1    avia-builder-el-1  avia-builder-el-no-sibling  '><h1 class='av-special-heading-tag '  itemprop=\"headline\"  >Kontakt<\/h1><div class='special-heading-border'><div class='special-heading-inner-border' ><\/div><\/div><\/div><\/div>\n<div class=\"flex_column av_one_full  flex_column_div av-zero-column-padding first  avia-builder-el-2  el_after_av_one_full  el_before_av_two_fifth  column-top-margin\" style='border-radius:0px; '><section class=\"av_textblock_section \"  itemscope=\"itemscope\" itemtype=\"https:\/\/schema.org\/CreativeWork\" ><div class='avia_textblock  '   itemprop=\"text\" ><p><strong>So erreichen Sie uns<\/strong><\/p>\n<p>Den Gro\u00dfteil unser Leistungen erbringen wir im Raum Berlin und Brandenburg. Gern sind wir auch f\u00fcr Sie dar\u00fcber hinaus t\u00e4tig. Kontaktieren Sie uns!<\/p>\n<\/div><\/section><\/div><div class=\"flex_column av_two_fifth  flex_column_div av-zero-column-padding first  avia-builder-el-4  el_after_av_one_full  el_before_av_three_fifth  column-top-margin\" style='border-radius:0px; '><section class=\"av_textblock_section \"  itemscope=\"itemscope\" itemtype=\"https:\/\/schema.org\/CreativeWork\" ><div class='avia_textblock  '   itemprop=\"text\" ><p>Sassofino e.K.<br \/>\nJens-Holger H\u00f6nicke<\/p>\n<p>Frankfurter Chaussee 56<br \/>\n15370 Fredersdorf-Vogelsdorf<\/p>\n<\/div><\/section><\/div><div class=\"flex_column av_three_fifth  av-animated-generic bottom-to-top  flex_column_div av-zero-column-padding   avia-builder-el-6  el_after_av_two_fifth  avia-builder-el-last  column-top-margin\" style='border-radius:0px; '><section class=\"av_textblock_section \"  itemscope=\"itemscope\" itemtype=\"https:\/\/schema.org\/CreativeWork\" ><div class='avia_textblock  '   itemprop=\"text\" ><p>E-Mail <a href=\"mailto:info@sassofino.de\">info@sassofino.de<\/a><\/p>\n<p>Telefon <a href=\"tel:+4933439418620\">(033439) 418 620<\/a><br \/>\nTelefax <a href=\"tel:+4933439418620\">(33439) 418 630<\/a><\/p>\n<\/div><\/section><\/div><\/p>\n","protected":false},"excerpt":{"rendered":"","protected":false},"author":2,"featured_media":0,"parent":0,"menu_order":0,"comment_status":"open","ping_status":"closed","template":"","meta":[],"yoast_head":"<!-- This site is optimized with the Yoast SEO plugin v19.4 - https:\/\/yoast.com\/wordpress\/plugins\/seo\/ -->\n<title>Kontakt - Sassofino<\/title>\n<meta name=\"robots\" content=\"noindex, follow, max-snippet:-1, max-image-preview:large, max-video-preview:-1\" \/>\n<meta property=\"og:locale\" content=\"de_DE\" \/>\n<meta property=\"og:type\" content=\"article\" \/>\n<meta property=\"og:title\" content=\"Kontakt - Sassofino\" \/>\n<meta property=\"og:url\" content=\"https:\/\/sassofino.de\/?page_id=156\" \/>\n<meta property=\"og:site_name\" content=\"Sassofino\" \/>\n<meta property=\"article:modified_time\" content=\"2020-09-24T08:55:29+00:00\" \/>\n<meta name=\"twitter:card\" content=\"summary_large_image\" \/>\n<meta name=\"twitter:label1\" content=\"Gesch\u00e4tzte Lesezeit\" \/>\n\t<meta name=\"twitter:data1\" content=\"3\u00a0Minuten\" \/>\n<script type=\"application\/ld+json\" class=\"yoast-schema-graph\">{\"@context\":\"https:\/\/schema.org\",\"@graph\":[{\"@type\":\"WebSite\",\"@id\":\"https:\/\/sassofino.de\/#website\",\"url\":\"https:\/\/sassofino.de\/\",\"name\":\"Sassofino\",\"description\":\"Neues Leben f\u00fcr alten Stein\",\"potentialAction\":[{\"@type\":\"SearchAction\",\"target\":{\"@type\":\"EntryPoint\",\"urlTemplate\":\"https:\/\/sassofino.de\/?s={search_term_string}\"},\"query-input\":\"required name=search_term_string\"}],\"inLanguage\":\"de\"},{\"@type\":\"WebPage\",\"@id\":\"https:\/\/sassofino.de\/?page_id=156\",\"url\":\"https:\/\/sassofino.de\/?page_id=156\",\"name\":\"Kontakt - Sassofino\",\"isPartOf\":{\"@id\":\"https:\/\/sassofino.de\/#website\"},\"datePublished\":\"2015-07-16T09:12:51+00:00\",\"dateModified\":\"2020-09-24T08:55:29+00:00\",\"breadcrumb\":{\"@id\":\"https:\/\/sassofino.de\/?page_id=156#breadcrumb\"},\"inLanguage\":\"de\",\"potentialAction\":[{\"@type\":\"ReadAction\",\"target\":[\"https:\/\/sassofino.de\/?page_id=156\"]}]},{\"@type\":\"BreadcrumbList\",\"@id\":\"https:\/\/sassofino.de\/?page_id=156#breadcrumb\",\"itemListElement\":[{\"@type\":\"ListItem\",\"position\":1,\"name\":\"Home\",\"item\":\"https:\/\/sassofino.de\/\"},{\"@type\":\"ListItem\",\"position\":2,\"name\":\"Kontakt\"}]}]}<\/script>\n<!-- \/ Yoast SEO plugin. -->","yoast_head_json":{"title":"Kontakt - Sassofino","robots":{"index":"noindex","follow":"follow","max-snippet":"max-snippet:-1","max-image-preview":"max-image-preview:large","max-video-preview":"max-video-preview:-1"},"og_locale":"de_DE","og_type":"article","og_title":"Kontakt - Sassofino","og_url":"https:\/\/sassofino.de\/?page_id=156","og_site_name":"Sassofino","article_modified_time":"2020-09-24T08:55:29+00:00","twitter_card":"summary_large_image","twitter_misc":{"Gesch\u00e4tzte Lesezeit":"3\u00a0Minuten"},"schema":{"@context":"https:\/\/schema.org","@graph":[{"@type":"WebSite","@id":"https:\/\/sassofino.de\/#website","url":"https:\/\/sassofino.de\/","name":"Sassofino","description":"Neues Leben f\u00fcr alten Stein","potentialAction":[{"@type":"SearchAction","target":{"@type":"EntryPoint","urlTemplate":"https:\/\/sassofino.de\/?s={search_term_string}"},"query-input":"required name=search_term_string"}],"inLanguage":"de"},{"@type":"WebPage","@id":"https:\/\/sassofino.de\/?page_id=156","url":"https:\/\/sassofino.de\/?page_id=156","name":"Kontakt - Sassofino","isPartOf":{"@id":"https:\/\/sassofino.de\/#website"},"datePublished":"2015-07-16T09:12:51+00:00","dateModified":"2020-09-24T08:55:29+00:00","breadcrumb":{"@id":"https:\/\/sassofino.de\/?page_id=156#breadcrumb"},"inLanguage":"de","potentialAction":[{"@type":"ReadAction","target":["https:\/\/sassofino.de\/?page_id=156"]}]},{"@type":"BreadcrumbList","@id":"https:\/\/sassofino.de\/?page_id=156#breadcrumb","itemListElement":[{"@type":"ListItem","position":1,"name":"Home","item":"https:\/\/sassofino.de\/"},{"@type":"ListItem","position":2,"name":"Kontakt"}]}]}},"_links":{"self":[{"href":"https:\/\/sassofino.de\/index.php?rest_route=\/wp\/v2\/pages\/156"}],"collection":[{"href":"https:\/\/sassofino.de\/index.php?rest_route=\/wp\/v2\/pages"}],"about":[{"href":"https:\/\/sassofino.de\/index.php?rest_route=\/wp\/v2\/types\/page"}],"author":[{"embeddable":true,"href":"https:\/\/sassofino.de\/index.php?rest_route=\/wp\/v2\/users\/2"}],"replies":[{"embeddable":true,"href":"https:\/\/sassofino.de\/index.php?rest_route=%2Fwp%2Fv2%2Fcomments&post=156"}],"version-history":[{"count":5,"href":"https:\/\/sassofino.de\/index.php?rest_route=\/wp\/v2\/pages\/156\/revisions"}],"predecessor-version":[{"id":432,"href":"https:\/\/sassofino.de\/index.php?rest_route=\/wp\/v2\/pages\/156\/revisions\/432"}],"wp:attachment":[{"href":"https:\/\/sassofino.de\/index.php?rest_route=%2Fwp%2Fv2%2Fmedia&parent=156"}],"curies":[{"name":"wp","href":"https:\/\/api.w.org\/{rel}","templated":true}]}}