{"id":211,"date":"2015-07-14T14:50:10","date_gmt":"2015-07-14T14:50:10","guid":{"rendered":"http:\/\/test.kriesi.at\/minimal-portfolio\/?page_id=9"},"modified":"2020-09-24T08:17:46","modified_gmt":"2020-09-24T08:17:46","slug":"home","status":"publish","type":"page","link":"https:\/\/sassofino.de\/","title":{"rendered":"Start"},"content":{"rendered":"<div id='full_slider_1'  class='avia-fullwidth-slider main_color avia-shadow   avia-builder-el-0  el_before_av_section  avia-builder-el-first   container_wrap fullsize' style=' '  ><div   data-size='featured_large'  data-lightbox_size='large'  data-animation='fade'  data-conditional_play=''  data-ids='614,615'  data-video_counter='0'  data-autoplay='false'  data-bg_slider='false'  data-slide_height=''  data-handle='av_slideshow_full'  data-interval='5'  data-class=' '  data-el_id=''  data-css_id=''  data-scroll_down=''  data-control_layout='av-control-minimal'  data-custom_markup=''  data-perma_caption=''  data-autoplay_stopper=''  data-image_attachment=''  data-min_height='0px'  data-lazy_loading='disabled'  data-src=''  data-position='top left'  data-repeat='no-repeat'  data-attach='scroll'  data-stretch=''  data-default-height='42'  class='avia-slideshow avia-slideshow-1  av-control-minimal av-default-height-applied avia-slideshow-featured_large av_slideshow_full   avia-fade-slider '  itemprop=\"image\" itemscope=\"itemscope\" itemtype=\"https:\/\/schema.org\/ImageObject\" ><ul class='avia-slideshow-inner ' style='padding-bottom: 42%;' ><li  class=' slide-1 ' ><div data-rel='slideshow-1' class='avia-slide-wrap '   ><img class=\"wp-image-614 avia-img-lazy-loading-not-614\"  src=\"https:\/\/sassofino.de\/wp-content\/uploads\/2020\/09\/sassofino_header_slider_1500x630_01-1500x630.jpg\" width=\"1500\" height=\"630\" title='sassofino_header_slider_1500x630_01' alt=''  itemprop=\"thumbnailUrl\" srcset=\"https:\/\/sassofino.de\/wp-content\/uploads\/2020\/09\/sassofino_header_slider_1500x630_01.jpg 1500w, https:\/\/sassofino.de\/wp-content\/uploads\/2020\/09\/sassofino_header_slider_1500x630_01-300x126.jpg 300w, https:\/\/sassofino.de\/wp-content\/uploads\/2020\/09\/sassofino_header_slider_1500x630_01-1030x433.jpg 1030w, https:\/\/sassofino.de\/wp-content\/uploads\/2020\/09\/sassofino_header_slider_1500x630_01-768x323.jpg 768w, https:\/\/sassofino.de\/wp-content\/uploads\/2020\/09\/sassofino_header_slider_1500x630_01-705x296.jpg 705w\" sizes=\"(max-width: 1500px) 100vw, 1500px\" \/><\/div><\/li><li  class=' slide-2 ' ><div data-rel='slideshow-1' class='avia-slide-wrap '   ><img class=\"wp-image-615 avia-img-lazy-loading-not-615\"  src=\"https:\/\/sassofino.de\/wp-content\/uploads\/2020\/09\/sassofino_header_slider_1500x630_02-1500x630.jpg\" width=\"1500\" height=\"630\" title='sassofino_header_slider_1500x630_02' alt=''  itemprop=\"thumbnailUrl\" srcset=\"https:\/\/sassofino.de\/wp-content\/uploads\/2020\/09\/sassofino_header_slider_1500x630_02.jpg 1500w, https:\/\/sassofino.de\/wp-content\/uploads\/2020\/09\/sassofino_header_slider_1500x630_02-300x126.jpg 300w, https:\/\/sassofino.de\/wp-content\/uploads\/2020\/09\/sassofino_header_slider_1500x630_02-1030x433.jpg 1030w, https:\/\/sassofino.de\/wp-content\/uploads\/2020\/09\/sassofino_header_slider_1500x630_02-768x323.jpg 768w, https:\/\/sassofino.de\/wp-content\/uploads\/2020\/09\/sassofino_header_slider_1500x630_02-705x296.jpg 705w\" sizes=\"(max-width: 1500px) 100vw, 1500px\" \/><\/div><\/li><\/ul><div class='avia-slideshow-arrows avia-slideshow-controls'><a href='#prev' class='prev-slide' aria-hidden='true' data-av_icon='\ue87c' data-av_iconfont='entypo-fontello'>Zur\u00fcck<\/a><a href='#next' class='next-slide' aria-hidden='true' data-av_icon='\ue87d' data-av_iconfont='entypo-fontello'>Weiter<\/a><\/div><div class='avia-slideshow-dots avia-slideshow-controls'><a href='#1' class='goto-slide active' >1<\/a><a href='#2' class='goto-slide ' >2<\/a><\/div><\/div><\/div>\n<div id='av_section_1'  class='avia-section main_color avia-section-large avia-no-border-styling  avia-bg-style-scroll  avia-builder-el-1  el_after_av_slideshow_full  avia-builder-el-last   container_wrap fullsize' style=' '  ><div class='container' ><div class='template-page content  av-content-full alpha units'><div class='post-entry post-entry-type-page post-entry-211'><div class='entry-content-wrapper clearfix'>\n<div class=\"flex_column av_one_full  av-animated-generic bottom-to-top  flex_column_div av-zero-column-padding first  avia-builder-el-2  el_before_av_one_full  avia-builder-el-first  \" style='border-radius:0px; '><div  style='padding-bottom:20px; color:#000000;font-size:40px;' class='av-special-heading av-special-heading-h1 custom-color-heading blockquote modern-quote  avia-builder-el-3  avia-builder-el-no-sibling  av-inherit-size '><h1 class='av-special-heading-tag '  itemprop=\"headline\"  >SASSOFINO &#8211; Neues Leben f\u00fcr alten Stein<\/h1><div class='special-heading-border'><div class='special-heading-inner-border' style='border-color:#000000'><\/div><\/div><\/div><\/div><div class=\"flex_column av_one_full  flex_column_div av-zero-column-padding first  avia-builder-el-4  el_after_av_one_full  el_before_av_one_full  column-top-margin\" style='border-radius:0px; '><div id='av-masonry-1' class='av-masonry  noHover av-fixed-size av-large-gap av-hover-overlay-active av-masonry-animation-active av-masonry-col-flexible av-caption-on-hover av-caption-style-overlay    '  ><div class='av-masonry-container isotope av-js-disabled ' ><div class='av-masonry-entry isotope-item av-masonry-item-no-image all_sort start_sort  performance_sort  expert_sort '><\/div><a href=\"https:\/\/sassofino.de\/?portfolio=anti-rutsch-behandlung\"  id='av-masonry-1-item-270' data-av-masonry-item='270' class='av-masonry-entry isotope-item post-270 portfolio type-portfolio status-publish has-post-thumbnail hentry portfolio_entries-start portfolio_entries-performance all_sort start_sort  performance_sort  av-masonry-item-with-image' title=\"albertina_hall-portfolio\"  itemscope=\"itemscope\" itemtype=\"https:\/\/schema.org\/CreativeWork\" ><div class='av-inner-masonry-sizer'><\/div><figure class='av-inner-masonry main_color'><div class=\"av-masonry-outerimage-container\"><div class=\"av-masonry-image-container\" style=\"background-image: url(https:\/\/sassofino.de\/wp-content\/uploads\/2020\/09\/albertina_hall-portfolio.jpg);\" title=\"albertina_hall-portfolio\" ><\/div><\/div><figcaption class='av-inner-masonry-content site-background'><div class='av-inner-masonry-content-pos'><div class='av-inner-masonry-content-pos-content'><div class='avia-arrow'><\/div><h3 class='av-masonry-entry-title entry-title '  itemprop=\"headline\" >Anti-Rutsch-Behandlung<\/h3><\/div><\/div><\/figcaption><\/figure><\/a><!--end av-masonry entry--><a href=\"https:\/\/sassofino.de\/?portfolio=antikasieren\"  id='av-masonry-1-item-267' data-av-masonry-item='267' class='av-masonry-entry isotope-item post-267 portfolio type-portfolio status-publish has-post-thumbnail hentry portfolio_entries-start portfolio_entries-performance all_sort start_sort  performance_sort  av-masonry-item-with-image' title=\"antikisieren-portfolio\"  itemscope=\"itemscope\" itemtype=\"https:\/\/schema.org\/CreativeWork\" ><div class='av-inner-masonry-sizer'><\/div><figure class='av-inner-masonry main_color'><div class=\"av-masonry-outerimage-container\"><div class=\"av-masonry-image-container\" style=\"background-image: url(https:\/\/sassofino.de\/wp-content\/uploads\/2020\/09\/antikisieren-portfolio.jpg);\" title=\"antikisieren-portfolio\" ><\/div><\/div><figcaption class='av-inner-masonry-content site-background'><div class='av-inner-masonry-content-pos'><div class='av-inner-masonry-content-pos-content'><div class='avia-arrow'><\/div><h3 class='av-masonry-entry-title entry-title '  itemprop=\"headline\" >Antikisieren<\/h3><\/div><\/div><\/figcaption><\/figure><\/a><!--end av-masonry entry--><a href=\"https:\/\/sassofino.de\/?portfolio=ipad-iphone-freebie\"  id='av-masonry-1-item-146' data-av-masonry-item='146' class='av-masonry-entry isotope-item post-146 portfolio type-portfolio status-publish has-post-thumbnail hentry portfolio_entries-start portfolio_entries-expert all_sort start_sort  expert_sort  av-masonry-item-with-image' title=\"sichtbeton-portfolio\"  itemscope=\"itemscope\" itemtype=\"https:\/\/schema.org\/CreativeWork\" ><div class='av-inner-masonry-sizer'><\/div><figure class='av-inner-masonry main_color'><div class=\"av-masonry-outerimage-container\"><div class=\"av-masonry-image-container\" style=\"background-image: url(https:\/\/sassofino.de\/wp-content\/uploads\/2020\/09\/sichtbeton-portfolio.jpg);\" title=\"sichtbeton-portfolio\" ><\/div><\/div><figcaption class='av-inner-masonry-content site-background'><div class='av-inner-masonry-content-pos'><div class='av-inner-masonry-content-pos-content'><div class='avia-arrow'><\/div><h3 class='av-masonry-entry-title entry-title '  itemprop=\"headline\" >Beton und Estrich<\/h3><\/div><\/div><\/figcaption><\/figure><\/a><!--end av-masonry entry--><a href=\"https:\/\/sassofino.de\/?portfolio=impraegnierung\"  id='av-masonry-1-item-250' data-av-masonry-item='250' class='av-masonry-entry isotope-item post-250 portfolio type-portfolio status-publish has-post-thumbnail hentry portfolio_entries-start portfolio_entries-performance all_sort start_sort  performance_sort  av-masonry-item-with-image' title=\"impraegnierung-portfolio\"  itemscope=\"itemscope\" itemtype=\"https:\/\/schema.org\/CreativeWork\" ><div class='av-inner-masonry-sizer'><\/div><figure class='av-inner-masonry main_color'><div class=\"av-masonry-outerimage-container\"><div class=\"av-masonry-image-container\" style=\"background-image: url(https:\/\/sassofino.de\/wp-content\/uploads\/2020\/09\/impraegnierung-portfolio-705x529.jpg);\" title=\"impraegnierung-portfolio\" ><\/div><\/div><figcaption class='av-inner-masonry-content site-background'><div class='av-inner-masonry-content-pos'><div class='av-inner-masonry-content-pos-content'><div class='avia-arrow'><\/div><h3 class='av-masonry-entry-title entry-title '  itemprop=\"headline\" >Impr\u00e4gnierung<\/h3><\/div><\/div><\/figcaption><\/figure><\/a><!--end av-masonry entry--><a href=\"https:\/\/sassofino.de\/?portfolio=kristallisieren\"  id='av-masonry-1-item-261' data-av-masonry-item='261' class='av-masonry-entry isotope-item post-261 portfolio type-portfolio status-publish has-post-thumbnail hentry portfolio_entries-start portfolio_entries-performance all_sort start_sort  performance_sort  av-masonry-item-with-image' title=\"Steinkristallisation-portfolio\"  itemscope=\"itemscope\" itemtype=\"https:\/\/schema.org\/CreativeWork\" ><div class='av-inner-masonry-sizer'><\/div><figure class='av-inner-masonry main_color'><div class=\"av-masonry-outerimage-container\"><div class=\"av-masonry-image-container\" style=\"background-image: url(https:\/\/sassofino.de\/wp-content\/uploads\/2020\/09\/Steinkristallisation-portfolio-705x529.jpg);\" title=\"Steinkristallisation-portfolio\" ><\/div><\/div><figcaption class='av-inner-masonry-content site-background'><div class='av-inner-masonry-content-pos'><div class='av-inner-masonry-content-pos-content'><div class='avia-arrow'><\/div><h3 class='av-masonry-entry-title entry-title '  itemprop=\"headline\" >Kristallisieren<\/h3><\/div><\/div><\/figcaption><\/figure><\/a><!--end av-masonry entry--><a href=\"https:\/\/sassofino.de\/?portfolio=natursteine\"  id='av-masonry-1-item-257' data-av-masonry-item='257' class='av-masonry-entry isotope-item post-257 portfolio type-portfolio status-publish has-post-thumbnail hentry portfolio_entries-start portfolio_entries-performance all_sort start_sort  performance_sort  av-masonry-item-with-image' title=\"Naturstein-verlegen-Portfolio\"  itemscope=\"itemscope\" itemtype=\"https:\/\/schema.org\/CreativeWork\" ><div class='av-inner-masonry-sizer'><\/div><figure class='av-inner-masonry main_color'><div class=\"av-masonry-outerimage-container\"><div class=\"av-masonry-image-container\" style=\"background-image: url(https:\/\/sassofino.de\/wp-content\/uploads\/2020\/09\/Naturstein-verlegen-Portfolio-705x529.jpg);\" title=\"Naturstein-verlegen-Portfolio\" ><\/div><\/div><figcaption class='av-inner-masonry-content site-background'><div class='av-inner-masonry-content-pos'><div class='av-inner-masonry-content-pos-content'><div class='avia-arrow'><\/div><h3 class='av-masonry-entry-title entry-title '  itemprop=\"headline\" >Natursteine verlegen<\/h3><\/div><\/div><\/figcaption><\/figure><\/a><!--end av-masonry entry--><a href=\"https:\/\/sassofino.de\/?portfolio=niederdruckstrahlen\"  id='av-masonry-1-item-273' data-av-masonry-item='273' class='av-masonry-entry isotope-item post-273 portfolio type-portfolio status-publish has-post-thumbnail hentry portfolio_entries-start portfolio_entries-performance all_sort start_sort  performance_sort  av-masonry-item-with-image' title=\"niederdruckstrahlen-portfolio\"  itemscope=\"itemscope\" itemtype=\"https:\/\/schema.org\/CreativeWork\" ><div class='av-inner-masonry-sizer'><\/div><figure class='av-inner-masonry main_color'><div class=\"av-masonry-outerimage-container\"><div class=\"av-masonry-image-container\" style=\"background-image: url(https:\/\/sassofino.de\/wp-content\/uploads\/2020\/09\/niederdruckstrahlen-portfolio-705x529.jpg);\" title=\"niederdruckstrahlen-portfolio\" ><\/div><\/div><figcaption class='av-inner-masonry-content site-background'><div class='av-inner-masonry-content-pos'><div class='av-inner-masonry-content-pos-content'><div class='avia-arrow'><\/div><h3 class='av-masonry-entry-title entry-title '  itemprop=\"headline\" >Niederdruckstrahlen<\/h3><\/div><\/div><\/figcaption><\/figure><\/a><!--end av-masonry entry--><a href=\"https:\/\/sassofino.de\/?portfolio=terrazzosanierung\"  id='av-masonry-1-item-264' data-av-masonry-item='264' class='av-masonry-entry isotope-item post-264 portfolio type-portfolio status-publish has-post-thumbnail hentry portfolio_entries-start portfolio_entries-performance all_sort start_sort  performance_sort  av-masonry-item-with-image' title=\"Terrazzo-portfolio\"  itemscope=\"itemscope\" itemtype=\"https:\/\/schema.org\/CreativeWork\" ><div class='av-inner-masonry-sizer'><\/div><figure class='av-inner-masonry main_color'><div class=\"av-masonry-outerimage-container\"><div class=\"av-masonry-image-container\" style=\"background-image: url(https:\/\/sassofino.de\/wp-content\/uploads\/2020\/09\/Terrazzo-portfolio-705x529.jpg);\" title=\"Terrazzo-portfolio\" ><\/div><\/div><figcaption class='av-inner-masonry-content site-background'><div class='av-inner-masonry-content-pos'><div class='av-inner-masonry-content-pos-content'><div class='avia-arrow'><\/div><h3 class='av-masonry-entry-title entry-title '  itemprop=\"headline\" >Terrazzosanierung<\/h3><\/div><\/div><\/figcaption><\/figure><\/a><!--end av-masonry entry--><\/div><\/div><\/div><div class=\"flex_column av_one_full  flex_column_div av-zero-column-padding first  avia-builder-el-6  el_after_av_one_full  avia-builder-el-last  column-top-margin\" style='border-radius:0px; '><section class=\"av_textblock_section \"  itemscope=\"itemscope\" itemtype=\"https:\/\/schema.org\/CreativeWork\" ><div class='avia_textblock fluidcolumns2 '   itemprop=\"text\" ><section class=\"elementor-element elementor-element-cykwfhg elementor-section-stretched elementor-section-boxed elementor-section-height-default elementor-section-height-default elementor-section elementor-top-section\" data-id=\"cykwfhg\" data-element_type=\"section\" data-settings=\"{\">\n<div class=\"elementor-container elementor-column-gap-default\">\n<div class=\"elementor-row\">\n<div class=\"elementor-element elementor-element-jz09snd elementor-column elementor-col-50 elementor-top-column\" data-id=\"jz09snd\" data-element_type=\"column\">\n<div class=\"elementor-column-wrap elementor-element-populated\">\n<div class=\"elementor-widget-wrap\">\n<div class=\"elementor-element elementor-element-1lknd0z elementor-widget elementor-widget-text-editor\" data-id=\"1lknd0z\" data-element_type=\"widget\" data-widget_type=\"text-editor.default\">\n<div class=\"elementor-widget-container\">\n<div class=\"elementor-text-editor elementor-clearfix\">\n<h3>Experte f\u00fcr Natur- und Kunststein<\/h3>\n<p>Oft wirken Granittreppen stumpf, auf dem <a href=\"https:\/\/sassofino.dev.brandhands.de\/was-wir-fuer-sie-leisten\/schleifen-und-polieren\">Marmorboden<\/a> befindet sich ein Fleck oder der steinerne Brunnen wirkt marode: Als <a href=\"https:\/\/sassofino.dev.brandhands.de\/wir-sind-experten-fuer\/natursteine\">Naturstein- und Kunststein-Experte<\/a> haben wir es uns zur Aufgabe gemacht, Steine wieder im besten Glanz erstrahlen zu lassen, denn nur selten ist ein Naturstein so besch\u00e4digt, dass er entfernt werden muss.<\/p>\n<h3>Natursteinreinigung und Sanierung<\/h3>\n<p>Naturstein ist in der Regel sehr leicht zu reinigen, auch bei N\u00e4sse sehr rutschsicher und Verschmutzungen lassen sich leicht entfernen. F\u00fcr Kalkstein verwenden wir als Natur- und Kunststeinexperte einen speziellen Reiniger, da dieser Stein sehr s\u00e4ureempfindlich ist. Basalt oder Granit dagegen sind sehr robust, m\u00fcssen aber besonders im Au\u00dfenbereich regelm\u00e4\u00dfig gepflegt und impr\u00e4gniert werden.<\/p>\n<h3>Antikisieren und Satinieren<\/h3>\n<p>Viele Steine muten bereits durch eine jahrelange Nutzung altert\u00fcmlich an. Diesen Effekt k\u00f6nnen wir intensivieren oder mit besonderer Pflege erhalten. Ganz nach Wunsch gestalten wir die gew\u00fcnschte Optik von Matt \u00fcber Satin bis poliert. Mit speziellen Techniken k\u00f6nnen Naturstein- und Kalkstein-Experten weichere Bestandteile und Adern entsprechend der Materialstruktur herausarbeiten.<\/p>\n<h3>Anti-Rutsch-Behandlung<\/h3>\n<p>Naturstein-B\u00f6den sind oft sehr glatt. Dies bedeutet eine hohe Unfallgefahr und kann schwerwiegende Folgen haben. Wir sind ein Naturstein- und Kunststein-Experte, der Naturstein-B\u00f6den so aufbereitet, dass sie rutschfest sind, aber nichts an Glanz verlieren. Daf\u00fcr bearbeiten wir Ihren Boden schonend mit rutschfesten Substanzen.<\/p>\n<\/div>\n<\/div>\n<\/div>\n<\/div>\n<\/div>\n<\/div>\n<div class=\"elementor-element elementor-element-cepimtz elementor-column elementor-col-50 elementor-top-column\" data-id=\"cepimtz\" data-element_type=\"column\">\n<div class=\"elementor-column-wrap elementor-element-populated\">\n<div class=\"elementor-widget-wrap\">\n<div class=\"elementor-element elementor-element-03tdr8p elementor-widget elementor-widget-text-editor\" data-id=\"03tdr8p\" data-element_type=\"widget\" data-widget_type=\"text-editor.default\">\n<div class=\"elementor-widget-container\">\n<div class=\"elementor-text-editor elementor-clearfix\">\n<h3>Impr\u00e4gnierung<\/h3>\n<p>Bei der <a href=\"https:\/\/sassofino.dev.brandhands.de\/was-wir-fuer-sie-leisten\/impraegnierung-2\/\">Impr\u00e4gnierung von Natur- und Kunststeinen<\/a> wird der Stein dauerhaft gesch\u00fctzt. Unsere Impr\u00e4gnierungen sind frei von Wachs, Silikon und Acrylat. So kann der Stein weiterhin atmen, wird aber dennoch schmutzresistent und feuchtigkeitsabweisend. Eine Impr\u00e4gnierung ist im Innen- und Au\u00dfenbereich m\u00f6glich und kann bei neuen Natursteinen ebenso angewendet werden wie bei alten Steinen.<\/p>\n<h3>Kristallisieren<\/h3>\n<p>Beim <a href=\"https:\/\/sassofino.dev.brandhands.de\/kristallisieren\">Kristallisieren<\/a> veredeln wir als Naturstein- und Kalkstein-Experten Steinb\u00f6den. Das Ergebnis ist eine H\u00e4rtung der Steinoberfl\u00e4che. Bei der Kristallisation verwenden wir spezielle Verfahrenstechniken und setzen besondere Chemikalien ein. Eine Kristallisation ist allerdings keine Beschichtung. Der Naturstein kann weiterhin ganz nat\u00fcrlich weiteratmen.<\/p>\n<h3>Kunststein- und Fliesenreinigung<\/h3>\n<p>Kunststeine und <a href=\"http:\/\/www.sassofino.de\/wir-sind-experten-fuer\/fliesen\">Fliesen<\/a> haben sich immer mehr zu einer beliebten Bausubstanz entwickelt. In der Regel sind sie im Innen- und Au\u00dfenbereich sehr gut zu reinigen. Bei der Reinigung und Pflege von Natursteinen setzen wir besonders schonende Verfahren und Werkstoffe ein.<\/p>\n<h3>Verlegung von Natursteinen<\/h3>\n<p>Trotz sorgf\u00e4ltiger Reinigung und Pflege kann von Zeit zu Zeit der Fall eintreten, dass einzelne Steine oder gar ganze Platten auf der Terrasse oder auch im Innenbereich ausgewechselt werden m\u00fcssen. Auch bei Sanierungs- oder Modernisierungsarbeiten kann es vorkommen, dass beispielsweise Anschl\u00fcsse zu anderen Bauteilen hergestellt werden m\u00fcssen und damit eine Verlegung von Natursteinen notwendig ist.<\/p>\n<\/div>\n<\/div>\n<\/div>\n<\/div>\n<\/div>\n<\/div>\n<\/div>\n<\/div>\n<\/section>\n<\/div><\/section><\/div>\n\n","protected":false},"excerpt":{"rendered":"","protected":false},"author":2,"featured_media":0,"parent":0,"menu_order":0,"comment_status":"open","ping_status":"closed","template":"","meta":[],"yoast_head":"<!-- This site is optimized with the Yoast SEO plugin v19.4 - https:\/\/yoast.com\/wordpress\/plugins\/seo\/ -->\n<title>Start - Sassofino<\/title>\n<meta name=\"robots\" content=\"noindex, follow, max-snippet:-1, max-image-preview:large, max-video-preview:-1\" \/>\n<meta property=\"og:locale\" content=\"de_DE\" \/>\n<meta property=\"og:type\" content=\"article\" \/>\n<meta property=\"og:title\" content=\"Start - Sassofino\" \/>\n<meta property=\"og:url\" content=\"https:\/\/sassofino.de\/\" \/>\n<meta property=\"og:site_name\" content=\"Sassofino\" \/>\n<meta property=\"article:modified_time\" content=\"2020-09-24T08:17:46+00:00\" \/>\n<meta name=\"twitter:card\" content=\"summary_large_image\" \/>\n<meta name=\"twitter:label1\" content=\"Gesch\u00e4tzte Lesezeit\" \/>\n\t<meta name=\"twitter:data1\" content=\"7\u00a0Minuten\" \/>\n<script type=\"application\/ld+json\" class=\"yoast-schema-graph\">{\"@context\":\"https:\/\/schema.org\",\"@graph\":[{\"@type\":\"WebSite\",\"@id\":\"https:\/\/sassofino.de\/#website\",\"url\":\"https:\/\/sassofino.de\/\",\"name\":\"Sassofino\",\"description\":\"Neues Leben f\u00fcr alten Stein\",\"potentialAction\":[{\"@type\":\"SearchAction\",\"target\":{\"@type\":\"EntryPoint\",\"urlTemplate\":\"https:\/\/sassofino.de\/?s={search_term_string}\"},\"query-input\":\"required name=search_term_string\"}],\"inLanguage\":\"de\"},{\"@type\":\"WebPage\",\"@id\":\"https:\/\/sassofino.de\/\",\"url\":\"https:\/\/sassofino.de\/\",\"name\":\"Start - Sassofino\",\"isPartOf\":{\"@id\":\"https:\/\/sassofino.de\/#website\"},\"datePublished\":\"2015-07-14T14:50:10+00:00\",\"dateModified\":\"2020-09-24T08:17:46+00:00\",\"breadcrumb\":{\"@id\":\"https:\/\/sassofino.de\/#breadcrumb\"},\"inLanguage\":\"de\",\"potentialAction\":[{\"@type\":\"ReadAction\",\"target\":[\"https:\/\/sassofino.de\/\"]}]},{\"@type\":\"BreadcrumbList\",\"@id\":\"https:\/\/sassofino.de\/#breadcrumb\",\"itemListElement\":[{\"@type\":\"ListItem\",\"position\":1,\"name\":\"Home\",\"item\":\"https:\/\/sassofino.de\/\"},{\"@type\":\"ListItem\",\"position\":2,\"name\":\"Start\"}]}]}<\/script>\n<!-- \/ Yoast SEO plugin. -->","yoast_head_json":{"title":"Start - Sassofino","robots":{"index":"noindex","follow":"follow","max-snippet":"max-snippet:-1","max-image-preview":"max-image-preview:large","max-video-preview":"max-video-preview:-1"},"og_locale":"de_DE","og_type":"article","og_title":"Start - Sassofino","og_url":"https:\/\/sassofino.de\/","og_site_name":"Sassofino","article_modified_time":"2020-09-24T08:17:46+00:00","twitter_card":"summary_large_image","twitter_misc":{"Gesch\u00e4tzte Lesezeit":"7\u00a0Minuten"},"schema":{"@context":"https:\/\/schema.org","@graph":[{"@type":"WebSite","@id":"https:\/\/sassofino.de\/#website","url":"https:\/\/sassofino.de\/","name":"Sassofino","description":"Neues Leben f\u00fcr alten Stein","potentialAction":[{"@type":"SearchAction","target":{"@type":"EntryPoint","urlTemplate":"https:\/\/sassofino.de\/?s={search_term_string}"},"query-input":"required name=search_term_string"}],"inLanguage":"de"},{"@type":"WebPage","@id":"https:\/\/sassofino.de\/","url":"https:\/\/sassofino.de\/","name":"Start - Sassofino","isPartOf":{"@id":"https:\/\/sassofino.de\/#website"},"datePublished":"2015-07-14T14:50:10+00:00","dateModified":"2020-09-24T08:17:46+00:00","breadcrumb":{"@id":"https:\/\/sassofino.de\/#breadcrumb"},"inLanguage":"de","potentialAction":[{"@type":"ReadAction","target":["https:\/\/sassofino.de\/"]}]},{"@type":"BreadcrumbList","@id":"https:\/\/sassofino.de\/#breadcrumb","itemListElement":[{"@type":"ListItem","position":1,"name":"Home","item":"https:\/\/sassofino.de\/"},{"@type":"ListItem","position":2,"name":"Start"}]}]}},"_links":{"self":[{"href":"https:\/\/sassofino.de\/index.php?rest_route=\/wp\/v2\/pages\/211"}],"collection":[{"href":"https:\/\/sassofino.de\/index.php?rest_route=\/wp\/v2\/pages"}],"about":[{"href":"https:\/\/sassofino.de\/index.php?rest_route=\/wp\/v2\/types\/page"}],"author":[{"embeddable":true,"href":"https:\/\/sassofino.de\/index.php?rest_route=\/wp\/v2\/users\/2"}],"replies":[{"embeddable":true,"href":"https:\/\/sassofino.de\/index.php?rest_route=%2Fwp%2Fv2%2Fcomments&post=211"}],"version-history":[{"count":15,"href":"https:\/\/sassofino.de\/index.php?rest_route=\/wp\/v2\/pages\/211\/revisions"}],"predecessor-version":[{"id":613,"href":"https:\/\/sassofino.de\/index.php?rest_route=\/wp\/v2\/pages\/211\/revisions\/613"}],"wp:attachment":[{"href":"https:\/\/sassofino.de\/index.php?rest_route=%2Fwp%2Fv2%2Fmedia&parent=211"}],"curies":[{"name":"wp","href":"https:\/\/api.w.org\/{rel}","templated":true}]}}