{"id":328,"date":"2020-09-02T12:04:10","date_gmt":"2020-09-02T12:04:10","guid":{"rendered":"https:\/\/sassofino.strausberg-websites.de\/?page_id=328"},"modified":"2020-09-02T12:04:10","modified_gmt":"2020-09-02T12:04:10","slug":"impressum","status":"publish","type":"page","link":"https:\/\/sassofino.de\/?page_id=328","title":{"rendered":"Impressum"},"content":{"rendered":"<div class=\"flex_column av_one_full  flex_column_div av-zero-column-padding first  avia-builder-el-0  el_before_av_one_full  avia-builder-el-first  \" style='border-radius:0px; '><div  style='padding-bottom:10px; ' class='av-special-heading av-special-heading-h1    avia-builder-el-1  avia-builder-el-no-sibling  '><h1 class='av-special-heading-tag '  itemprop=\"headline\"  >Impressum<\/h1><div class='special-heading-border'><div class='special-heading-inner-border' ><\/div><\/div><\/div><\/div><div class=\"flex_column av_one_full  flex_column_div av-zero-column-padding first  avia-builder-el-2  el_after_av_one_full  avia-builder-el-last  column-top-margin\" style='border-radius:0px; '><section class=\"av_textblock_section \"  itemscope=\"itemscope\" itemtype=\"https:\/\/schema.org\/CreativeWork\" ><div class='avia_textblock  '   itemprop=\"text\" ><div class=\"elementor-element elementor-element-ohrozex elementor-column elementor-col-66 elementor-top-column\" data-id=\"ohrozex\" data-element_type=\"column\">\n<div class=\"elementor-column-wrap elementor-element-populated\">\n<div class=\"elementor-widget-wrap\">\n<div class=\"elementor-element elementor-element-erzaqow elementor-widget elementor-widget-text-editor\" data-id=\"erzaqow\" data-element_type=\"widget\" data-widget_type=\"text-editor.default\">\n<div class=\"elementor-widget-container\">\n<div class=\"elementor-text-editor elementor-clearfix\">\n<p>Impressumsangaben nach dem Telemediengesetz (TMG)<\/p>\n<p>Sassofino e.K.<br \/>\nJens-Holger H\u00f6nicke<br \/>\nFrankfurter Chaussee 56<br \/>\n15370 Fredersdorf-Vogelsdorf<\/p>\n<p><span id=\"cloak11704\"><a href=\"mailto:info@sassofino.de\">info@sassofino.de<\/a><\/span><br \/>\nwww.sassofino.de<\/p>\n<p>Tel. +49 33439 \/ 418 620<br \/>\nFax +49 33439 \/ 418 630<\/p>\n<p>Steuernummer: 064\/232\/03003<\/p>\n<p>Registergericht<br \/>\nAmtsgericht Frankfurt Oder<br \/>\nHRA 2945 FF<\/p>\n<p>Haftungshinweise<\/p>\n<p>Sassofino pr\u00fcft und aktualisiert st\u00e4ndig sein Informationsangebot auf der Internetseite. Trotz Erf\u00fcllung unserer Sorgfaltspflicht, k\u00f6nnen Daten und Informationen jeglicher Art manchmal nicht aktuell sein. Eine Haftung und Garantie f\u00fcr die Aktualit\u00e4t und Richtigkeit der zur Verf\u00fcgung gestellten Informationen ist hiermit ausgeschlossen.<\/p>\n<p>Gleiches gilt auch f\u00fcr alle durch uns mittels Hyperlink oder in sonstiger Art und Weise verlinkten Internetseiten. Sassofino ist in keinem Fall f\u00fcr den Inhalt der Internetseiten anderer Betreiber, aufgrund einer solchen Verbindung oder m\u00f6glichen Hinweisen auf andere Webseiten verantwortlich.<\/p>\n<p>Sassofino beh\u00e4lt sich zudem das Recht vor, jederzeit \u00c4nderungen oder Erg\u00e4nzungen an den zur Verf\u00fcgung gestellten Informationen vorzunehmen.<\/p>\n<p>Sassofino lehnt ausdr\u00fccklich jedwede Form der Haftung ab, wenn sie aus dem Aufruf des Internetangebots resultiert oder in Zusammenhang damit steht, dass die Sassofino-Seiten aufgerufen, benutzt oder nicht benutzt werden k\u00f6nnen. Ebensowenig haftet Sassofino f\u00fcr einen damit in Zusammenhang stehenden Leistungsausfall, einer Unterbrechung, einen Defekt, eine \u00dcbertragungsverz\u00f6gerung, m\u00f6gliche Computerviren, sonstige sch\u00e4dliche Elemente oder einen Leitungs- und Systemausfall in Zusammenhang mit den Sassofino-Webseiten. Ob Sassofino sich m\u00f6glicher Sch\u00e4den bewusst war, ist dabei v\u00f6llig unerheblich.<\/p>\n<p>Urheberrechtshinweise<\/p>\n<p>Inhalt, Aufbau und Gestaltung der Internetseiten der Firma Sassofino sind urheberrechtlich gesch\u00fctzt. Ohne vorherige schriftliche Zustimmung durch Sassofino sind Vervielf\u00e4ltigung, \u00c4nderung, Darstellung, Verbreitung, \u00dcbermittlung, Ver\u00f6ffentlichung, Verkauf, Lizenzierung, Bearbeitung, Verfremdung oder Nutzung von Informationen oder Daten f\u00fcr Zwecke jeder Art, insbesondere die Verwendung von Texten, Textteilen oder Bildmaterial, verboten.<\/p>\n<p>Datenschutzerkl\u00e4rung<\/p>\n<p>Sehr geehrte Nutzer unserer Internetseite Sassofino,<\/p>\n<p>Ihre Privatsph\u00e4re und deren Schutz nimmt bei uns einen gro\u00dfen Stellenwert ein, bitte informieren Sie sich in den nachfolgenden Abs\u00e4tzen, wie wir mit Ihren Daten umgehen.<\/p>\n<p>Personenbezogene Daten<\/p>\n<p>Sie haben an mehreren Stellen unseres Internetangebotes die M\u00f6glichkeit, uns direkt zu kontaktieren. Die Eingabe Ihrer pers\u00f6nlichen Daten erfolgt grunds\u00e4tzlich freiwillig. Das bedeutet, Sie entscheiden, ob und in welchem Umfang Sie Daten f\u00fcr uns hinterlassen. Ihre Daten werden allein zur Nutzung Ihres angew\u00e4hlten Dienstes ben\u00f6tigt. Manche Dienste erfordern obligatorische Eingaben, die wir mit (*) gekennzeichnet haben.<\/p>\n<p>Nutzungsdaten<\/p>\n<p>Um regelm\u00e4\u00dfig eine Qualit\u00e4tskontrolle unseres Webangebots durchf\u00fchren zu k\u00f6nnen und den Service f\u00fcr Sie verbessern zu k\u00f6nnen, speichern wir Daten \u00fcber Zugriffe auf unser Webangebot allein zu statistischen Zwecken. Eine Weitergabe dieser Daten an Dritte schlie\u00dfen wir aus.<\/p>\n<\/div>\n<\/div>\n<\/div>\n<\/div>\n<\/div>\n<\/div>\n<\/div><\/section><\/div><\/p>\n","protected":false},"excerpt":{"rendered":"","protected":false},"author":2,"featured_media":0,"parent":0,"menu_order":0,"comment_status":"closed","ping_status":"closed","template":"","meta":[],"yoast_head":"<!-- This site is optimized with the Yoast SEO plugin v19.4 - https:\/\/yoast.com\/wordpress\/plugins\/seo\/ -->\n<title>Impressum - Sassofino<\/title>\n<meta name=\"robots\" content=\"noindex, follow, max-snippet:-1, max-image-preview:large, max-video-preview:-1\" \/>\n<meta property=\"og:locale\" content=\"de_DE\" \/>\n<meta property=\"og:type\" content=\"article\" \/>\n<meta property=\"og:title\" content=\"Impressum - Sassofino\" \/>\n<meta property=\"og:url\" content=\"https:\/\/sassofino.de\/?page_id=328\" \/>\n<meta property=\"og:site_name\" content=\"Sassofino\" \/>\n<meta name=\"twitter:card\" content=\"summary_large_image\" \/>\n<meta name=\"twitter:label1\" content=\"Gesch\u00e4tzte Lesezeit\" \/>\n\t<meta name=\"twitter:data1\" content=\"4\u00a0Minuten\" \/>\n<script type=\"application\/ld+json\" class=\"yoast-schema-graph\">{\"@context\":\"https:\/\/schema.org\",\"@graph\":[{\"@type\":\"WebSite\",\"@id\":\"https:\/\/sassofino.de\/#website\",\"url\":\"https:\/\/sassofino.de\/\",\"name\":\"Sassofino\",\"description\":\"Neues Leben f\u00fcr alten Stein\",\"potentialAction\":[{\"@type\":\"SearchAction\",\"target\":{\"@type\":\"EntryPoint\",\"urlTemplate\":\"https:\/\/sassofino.de\/?s={search_term_string}\"},\"query-input\":\"required name=search_term_string\"}],\"inLanguage\":\"de\"},{\"@type\":\"WebPage\",\"@id\":\"https:\/\/sassofino.de\/?page_id=328\",\"url\":\"https:\/\/sassofino.de\/?page_id=328\",\"name\":\"Impressum - Sassofino\",\"isPartOf\":{\"@id\":\"https:\/\/sassofino.de\/#website\"},\"datePublished\":\"2020-09-02T12:04:10+00:00\",\"dateModified\":\"2020-09-02T12:04:10+00:00\",\"breadcrumb\":{\"@id\":\"https:\/\/sassofino.de\/?page_id=328#breadcrumb\"},\"inLanguage\":\"de\",\"potentialAction\":[{\"@type\":\"ReadAction\",\"target\":[\"https:\/\/sassofino.de\/?page_id=328\"]}]},{\"@type\":\"BreadcrumbList\",\"@id\":\"https:\/\/sassofino.de\/?page_id=328#breadcrumb\",\"itemListElement\":[{\"@type\":\"ListItem\",\"position\":1,\"name\":\"Home\",\"item\":\"https:\/\/sassofino.de\/\"},{\"@type\":\"ListItem\",\"position\":2,\"name\":\"Impressum\"}]}]}<\/script>\n<!-- \/ Yoast SEO plugin. -->","yoast_head_json":{"title":"Impressum - Sassofino","robots":{"index":"noindex","follow":"follow","max-snippet":"max-snippet:-1","max-image-preview":"max-image-preview:large","max-video-preview":"max-video-preview:-1"},"og_locale":"de_DE","og_type":"article","og_title":"Impressum - Sassofino","og_url":"https:\/\/sassofino.de\/?page_id=328","og_site_name":"Sassofino","twitter_card":"summary_large_image","twitter_misc":{"Gesch\u00e4tzte Lesezeit":"4\u00a0Minuten"},"schema":{"@context":"https:\/\/schema.org","@graph":[{"@type":"WebSite","@id":"https:\/\/sassofino.de\/#website","url":"https:\/\/sassofino.de\/","name":"Sassofino","description":"Neues Leben f\u00fcr alten Stein","potentialAction":[{"@type":"SearchAction","target":{"@type":"EntryPoint","urlTemplate":"https:\/\/sassofino.de\/?s={search_term_string}"},"query-input":"required name=search_term_string"}],"inLanguage":"de"},{"@type":"WebPage","@id":"https:\/\/sassofino.de\/?page_id=328","url":"https:\/\/sassofino.de\/?page_id=328","name":"Impressum - Sassofino","isPartOf":{"@id":"https:\/\/sassofino.de\/#website"},"datePublished":"2020-09-02T12:04:10+00:00","dateModified":"2020-09-02T12:04:10+00:00","breadcrumb":{"@id":"https:\/\/sassofino.de\/?page_id=328#breadcrumb"},"inLanguage":"de","potentialAction":[{"@type":"ReadAction","target":["https:\/\/sassofino.de\/?page_id=328"]}]},{"@type":"BreadcrumbList","@id":"https:\/\/sassofino.de\/?page_id=328#breadcrumb","itemListElement":[{"@type":"ListItem","position":1,"name":"Home","item":"https:\/\/sassofino.de\/"},{"@type":"ListItem","position":2,"name":"Impressum"}]}]}},"_links":{"self":[{"href":"https:\/\/sassofino.de\/index.php?rest_route=\/wp\/v2\/pages\/328"}],"collection":[{"href":"https:\/\/sassofino.de\/index.php?rest_route=\/wp\/v2\/pages"}],"about":[{"href":"https:\/\/sassofino.de\/index.php?rest_route=\/wp\/v2\/types\/page"}],"author":[{"embeddable":true,"href":"https:\/\/sassofino.de\/index.php?rest_route=\/wp\/v2\/users\/2"}],"replies":[{"embeddable":true,"href":"https:\/\/sassofino.de\/index.php?rest_route=%2Fwp%2Fv2%2Fcomments&post=328"}],"version-history":[{"count":2,"href":"https:\/\/sassofino.de\/index.php?rest_route=\/wp\/v2\/pages\/328\/revisions"}],"predecessor-version":[{"id":627,"href":"https:\/\/sassofino.de\/index.php?rest_route=\/wp\/v2\/pages\/328\/revisions\/627"}],"wp:attachment":[{"href":"https:\/\/sassofino.de\/index.php?rest_route=%2Fwp%2Fv2%2Fmedia&parent=328"}],"curies":[{"name":"wp","href":"https:\/\/api.w.org\/{rel}","templated":true}]}}