{"id":338,"date":"2020-09-02T12:10:44","date_gmt":"2020-09-02T12:10:44","guid":{"rendered":"https:\/\/sassofino.strausberg-websites.de\/?page_id=338"},"modified":"2020-09-02T12:10:44","modified_gmt":"2020-09-02T12:10:44","slug":"unsere-philosophie","status":"publish","type":"page","link":"https:\/\/sassofino.de\/?page_id=338","title":{"rendered":"Unsere Philosophie"},"content":{"rendered":"<div class=\"flex_column av_one_full  flex_column_div av-zero-column-padding first  avia-builder-el-0  el_before_av_one_full  avia-builder-el-first  \" style='border-radius:0px; '><div  style='padding-bottom:10px; ' class='av-special-heading av-special-heading-h1    avia-builder-el-1  avia-builder-el-no-sibling  '><h1 class='av-special-heading-tag '  itemprop=\"headline\"  >Unsere Philosophie<\/h1><div class='special-heading-border'><div class='special-heading-inner-border' ><\/div><\/div><\/div><\/div><div class=\"flex_column av_one_full  flex_column_div av-zero-column-padding first  avia-builder-el-2  el_after_av_one_full  avia-builder-el-last  column-top-margin\" style='border-radius:0px; '><section class=\"av_textblock_section \"  itemscope=\"itemscope\" itemtype=\"https:\/\/schema.org\/CreativeWork\" ><div class='avia_textblock  '   itemprop=\"text\" ><div class=\"elementor-element elementor-element-b7ynzdx elementor-column elementor-col-66 elementor-top-column\" data-id=\"b7ynzdx\" data-element_type=\"column\">\n<div class=\"elementor-column-wrap elementor-element-populated\">\n<div class=\"elementor-widget-wrap\">\n<div class=\"elementor-element elementor-element-em7hzx8 elementor-widget elementor-widget-text-editor\" data-id=\"em7hzx8\" data-element_type=\"widget\" data-widget_type=\"text-editor.default\">\n<div class=\"elementor-widget-container\">\n<div class=\"elementor-text-editor elementor-clearfix\">\n<p>Kaum ein Naturstein ist f\u00fcr uns zu alt oder zu ruiniert, als dass er ausgesondert werden m\u00fcsste. Im Gegenteil, Natursteine entwickeln mit dem Alter Ihre ganz eigene Patina, die sie oft noch sch\u00f6ner wirken lassen.<\/p>\n<p>Jeder Naturstein hat seinen eigenen Charakter und auf den gehen wir ganz bewusst mit schonendsten Verfahrenstechniken und Werkstoffen ein. Unsere besonderen Fachkenntnisse und unsere speziellen L\u00f6sungsm\u00f6glichkeiten sind die Basis unserer Arbeitsergebnisse und letztlich unserer und Ihrer Erfolge mit Ihrem Naturstein.<\/p>\n<p>Jeden Auftrag \u2013 es gibt keine zu kleinen, keine zu gro\u00dfen Auftr\u00e4ge \u2013 erf\u00fcllen wir sorgf\u00e4ltig. Ihre Zufriedenheit liegt uns im besonderen Ma\u00dfe am Herzen, die Arbeit ist erst erledigt wenn Sie zufrieden sind und daf\u00fcr nehmen wir jede erdenkliche M\u00fchen auf uns.<\/p>\n<\/div>\n<\/div>\n<\/div>\n<\/div>\n<\/div>\n<\/div>\n<\/div><\/section><\/div><\/p>\n","protected":false},"excerpt":{"rendered":"","protected":false},"author":2,"featured_media":0,"parent":0,"menu_order":0,"comment_status":"closed","ping_status":"closed","template":"","meta":[],"yoast_head":"<!-- This site is optimized with the Yoast SEO plugin v19.4 - https:\/\/yoast.com\/wordpress\/plugins\/seo\/ -->\n<title>Unsere Philosophie - Sassofino<\/title>\n<meta name=\"robots\" content=\"noindex, follow, max-snippet:-1, max-image-preview:large, max-video-preview:-1\" \/>\n<meta property=\"og:locale\" content=\"de_DE\" \/>\n<meta property=\"og:type\" content=\"article\" \/>\n<meta property=\"og:title\" content=\"Unsere Philosophie - Sassofino\" \/>\n<meta property=\"og:url\" content=\"https:\/\/sassofino.de\/?page_id=338\" \/>\n<meta property=\"og:site_name\" content=\"Sassofino\" \/>\n<meta name=\"twitter:card\" content=\"summary_large_image\" \/>\n<meta name=\"twitter:label1\" content=\"Gesch\u00e4tzte Lesezeit\" \/>\n\t<meta name=\"twitter:data1\" content=\"2\u00a0Minuten\" \/>\n<script type=\"application\/ld+json\" class=\"yoast-schema-graph\">{\"@context\":\"https:\/\/schema.org\",\"@graph\":[{\"@type\":\"WebSite\",\"@id\":\"https:\/\/sassofino.de\/#website\",\"url\":\"https:\/\/sassofino.de\/\",\"name\":\"Sassofino\",\"description\":\"Neues Leben f\u00fcr alten Stein\",\"potentialAction\":[{\"@type\":\"SearchAction\",\"target\":{\"@type\":\"EntryPoint\",\"urlTemplate\":\"https:\/\/sassofino.de\/?s={search_term_string}\"},\"query-input\":\"required name=search_term_string\"}],\"inLanguage\":\"de\"},{\"@type\":\"WebPage\",\"@id\":\"https:\/\/sassofino.de\/?page_id=338\",\"url\":\"https:\/\/sassofino.de\/?page_id=338\",\"name\":\"Unsere Philosophie - Sassofino\",\"isPartOf\":{\"@id\":\"https:\/\/sassofino.de\/#website\"},\"datePublished\":\"2020-09-02T12:10:44+00:00\",\"dateModified\":\"2020-09-02T12:10:44+00:00\",\"breadcrumb\":{\"@id\":\"https:\/\/sassofino.de\/?page_id=338#breadcrumb\"},\"inLanguage\":\"de\",\"potentialAction\":[{\"@type\":\"ReadAction\",\"target\":[\"https:\/\/sassofino.de\/?page_id=338\"]}]},{\"@type\":\"BreadcrumbList\",\"@id\":\"https:\/\/sassofino.de\/?page_id=338#breadcrumb\",\"itemListElement\":[{\"@type\":\"ListItem\",\"position\":1,\"name\":\"Home\",\"item\":\"https:\/\/sassofino.de\/\"},{\"@type\":\"ListItem\",\"position\":2,\"name\":\"Unsere Philosophie\"}]}]}<\/script>\n<!-- \/ Yoast SEO plugin. -->","yoast_head_json":{"title":"Unsere Philosophie - Sassofino","robots":{"index":"noindex","follow":"follow","max-snippet":"max-snippet:-1","max-image-preview":"max-image-preview:large","max-video-preview":"max-video-preview:-1"},"og_locale":"de_DE","og_type":"article","og_title":"Unsere Philosophie - Sassofino","og_url":"https:\/\/sassofino.de\/?page_id=338","og_site_name":"Sassofino","twitter_card":"summary_large_image","twitter_misc":{"Gesch\u00e4tzte Lesezeit":"2\u00a0Minuten"},"schema":{"@context":"https:\/\/schema.org","@graph":[{"@type":"WebSite","@id":"https:\/\/sassofino.de\/#website","url":"https:\/\/sassofino.de\/","name":"Sassofino","description":"Neues Leben f\u00fcr alten Stein","potentialAction":[{"@type":"SearchAction","target":{"@type":"EntryPoint","urlTemplate":"https:\/\/sassofino.de\/?s={search_term_string}"},"query-input":"required name=search_term_string"}],"inLanguage":"de"},{"@type":"WebPage","@id":"https:\/\/sassofino.de\/?page_id=338","url":"https:\/\/sassofino.de\/?page_id=338","name":"Unsere Philosophie - Sassofino","isPartOf":{"@id":"https:\/\/sassofino.de\/#website"},"datePublished":"2020-09-02T12:10:44+00:00","dateModified":"2020-09-02T12:10:44+00:00","breadcrumb":{"@id":"https:\/\/sassofino.de\/?page_id=338#breadcrumb"},"inLanguage":"de","potentialAction":[{"@type":"ReadAction","target":["https:\/\/sassofino.de\/?page_id=338"]}]},{"@type":"BreadcrumbList","@id":"https:\/\/sassofino.de\/?page_id=338#breadcrumb","itemListElement":[{"@type":"ListItem","position":1,"name":"Home","item":"https:\/\/sassofino.de\/"},{"@type":"ListItem","position":2,"name":"Unsere Philosophie"}]}]}},"_links":{"self":[{"href":"https:\/\/sassofino.de\/index.php?rest_route=\/wp\/v2\/pages\/338"}],"collection":[{"href":"https:\/\/sassofino.de\/index.php?rest_route=\/wp\/v2\/pages"}],"about":[{"href":"https:\/\/sassofino.de\/index.php?rest_route=\/wp\/v2\/types\/page"}],"author":[{"embeddable":true,"href":"https:\/\/sassofino.de\/index.php?rest_route=\/wp\/v2\/users\/2"}],"replies":[{"embeddable":true,"href":"https:\/\/sassofino.de\/index.php?rest_route=%2Fwp%2Fv2%2Fcomments&post=338"}],"version-history":[{"count":2,"href":"https:\/\/sassofino.de\/index.php?rest_route=\/wp\/v2\/pages\/338\/revisions"}],"predecessor-version":[{"id":340,"href":"https:\/\/sassofino.de\/index.php?rest_route=\/wp\/v2\/pages\/338\/revisions\/340"}],"wp:attachment":[{"href":"https:\/\/sassofino.de\/index.php?rest_route=%2Fwp%2Fv2%2Fmedia&parent=338"}],"curies":[{"name":"wp","href":"https:\/\/api.w.org\/{rel}","templated":true}]}}