{"id":344,"date":"2020-09-02T12:13:15","date_gmt":"2020-09-02T12:13:15","guid":{"rendered":"https:\/\/sassofino.strausberg-websites.de\/?page_id=344"},"modified":"2020-09-02T12:13:15","modified_gmt":"2020-09-02T12:13:15","slug":"stellenangebote","status":"publish","type":"page","link":"https:\/\/sassofino.de\/?page_id=344","title":{"rendered":"Stellenangebote"},"content":{"rendered":"<div class=\"flex_column av_one_full  flex_column_div av-zero-column-padding first  avia-builder-el-0  el_before_av_one_full  avia-builder-el-first  \" style='border-radius:0px; '><div  style='padding-bottom:10px; ' class='av-special-heading av-special-heading-h1    avia-builder-el-1  avia-builder-el-no-sibling  '><h1 class='av-special-heading-tag '  itemprop=\"headline\"  >Stellenanzeigen<\/h1><div class='special-heading-border'><div class='special-heading-inner-border' ><\/div><\/div><\/div><\/div><div class=\"flex_column av_one_full  flex_column_div av-zero-column-padding first  avia-builder-el-2  el_after_av_one_full  avia-builder-el-last  column-top-margin\" style='border-radius:0px; '><section class=\"av_textblock_section \"  itemscope=\"itemscope\" itemtype=\"https:\/\/schema.org\/CreativeWork\" ><div class='avia_textblock  '   itemprop=\"text\" ><div class=\"elementor-element elementor-element-epgqtdj elementor-column elementor-col-66 elementor-top-column\" data-id=\"epgqtdj\" data-element_type=\"column\">\n<div class=\"elementor-column-wrap elementor-element-populated\">\n<div class=\"elementor-widget-wrap\">\n<div class=\"elementor-element elementor-element-xtgyaqw elementor-widget elementor-widget-text-editor\" data-id=\"xtgyaqw\" data-element_type=\"widget\" data-widget_type=\"text-editor.default\">\n<div class=\"elementor-widget-container\">\n<div class=\"elementor-text-editor elementor-clearfix\">\n<p>Sassofino besetzt f\u00fcr das kommende Ausbildungsjahr eine Stelle f\u00fcr einen Ausbildungsplatz.<\/p>\n<p>Wer die folgenden Anforderungen erf\u00fcllt, kann sich gern mit einem vollst\u00e4ndigen Bewerbungsschreiben bei uns vorstellen.<\/p>\n<p>\u2013 gutes freundliches Auftreten<br \/>\n\u2013 gute Allgemeinbildung<br \/>\n\u2013 Interesse an handwerklicher Arbeit, mit dem Auge f\u00fcr notwendige Details<br \/>\n\u2013 Freude am Umgang mit Maschinen<br \/>\n\u2013 Freude an der Arbeit im netten Team<br \/>\n\u2013 Flexibilit\u00e4t und Engagement<br \/>\n\u2013 vorhandener F\u00fchrerschein \/ der Wille, einen F\u00fchrerschein zu machen<\/p>\n<p>\u00dcber unser Unternehmen k\u00f6nnen Sie sich auf diesen Seiten informieren, Ihre Fagen beantworten wir gern in einem pers\u00f6nlichen Gespr\u00e4ch. Dabei k\u00f6nnen Sie sich\u00a0 auch von unserem\u00a0 angenehmen Betriebsklima \u00fcberzeugen. Kontaktieren Sie uns oder senden uns Ihre aussagef\u00e4hige Bewerbung einfach zu.<\/p>\n<p>Wir freuen uns darauf Sie kennenzulernen!<\/p>\n<\/div>\n<\/div>\n<\/div>\n<\/div>\n<\/div>\n<\/div>\n<\/div><\/section><\/div><\/p>\n","protected":false},"excerpt":{"rendered":"","protected":false},"author":2,"featured_media":0,"parent":0,"menu_order":0,"comment_status":"closed","ping_status":"closed","template":"","meta":[],"yoast_head":"<!-- This site is optimized with the Yoast SEO plugin v19.4 - https:\/\/yoast.com\/wordpress\/plugins\/seo\/ -->\n<title>Stellenangebote - Sassofino<\/title>\n<meta name=\"robots\" content=\"noindex, follow, max-snippet:-1, max-image-preview:large, max-video-preview:-1\" \/>\n<meta property=\"og:locale\" content=\"de_DE\" \/>\n<meta property=\"og:type\" content=\"article\" \/>\n<meta property=\"og:title\" content=\"Stellenangebote - Sassofino\" \/>\n<meta property=\"og:url\" content=\"https:\/\/sassofino.de\/?page_id=344\" \/>\n<meta property=\"og:site_name\" content=\"Sassofino\" \/>\n<meta name=\"twitter:card\" content=\"summary_large_image\" \/>\n<meta name=\"twitter:label1\" content=\"Gesch\u00e4tzte Lesezeit\" \/>\n\t<meta name=\"twitter:data1\" content=\"2\u00a0Minuten\" \/>\n<script type=\"application\/ld+json\" class=\"yoast-schema-graph\">{\"@context\":\"https:\/\/schema.org\",\"@graph\":[{\"@type\":\"WebSite\",\"@id\":\"https:\/\/sassofino.de\/#website\",\"url\":\"https:\/\/sassofino.de\/\",\"name\":\"Sassofino\",\"description\":\"Neues Leben f\u00fcr alten Stein\",\"potentialAction\":[{\"@type\":\"SearchAction\",\"target\":{\"@type\":\"EntryPoint\",\"urlTemplate\":\"https:\/\/sassofino.de\/?s={search_term_string}\"},\"query-input\":\"required name=search_term_string\"}],\"inLanguage\":\"de\"},{\"@type\":\"WebPage\",\"@id\":\"https:\/\/sassofino.de\/?page_id=344\",\"url\":\"https:\/\/sassofino.de\/?page_id=344\",\"name\":\"Stellenangebote - Sassofino\",\"isPartOf\":{\"@id\":\"https:\/\/sassofino.de\/#website\"},\"datePublished\":\"2020-09-02T12:13:15+00:00\",\"dateModified\":\"2020-09-02T12:13:15+00:00\",\"breadcrumb\":{\"@id\":\"https:\/\/sassofino.de\/?page_id=344#breadcrumb\"},\"inLanguage\":\"de\",\"potentialAction\":[{\"@type\":\"ReadAction\",\"target\":[\"https:\/\/sassofino.de\/?page_id=344\"]}]},{\"@type\":\"BreadcrumbList\",\"@id\":\"https:\/\/sassofino.de\/?page_id=344#breadcrumb\",\"itemListElement\":[{\"@type\":\"ListItem\",\"position\":1,\"name\":\"Home\",\"item\":\"https:\/\/sassofino.de\/\"},{\"@type\":\"ListItem\",\"position\":2,\"name\":\"Stellenangebote\"}]}]}<\/script>\n<!-- \/ Yoast SEO plugin. -->","yoast_head_json":{"title":"Stellenangebote - Sassofino","robots":{"index":"noindex","follow":"follow","max-snippet":"max-snippet:-1","max-image-preview":"max-image-preview:large","max-video-preview":"max-video-preview:-1"},"og_locale":"de_DE","og_type":"article","og_title":"Stellenangebote - Sassofino","og_url":"https:\/\/sassofino.de\/?page_id=344","og_site_name":"Sassofino","twitter_card":"summary_large_image","twitter_misc":{"Gesch\u00e4tzte Lesezeit":"2\u00a0Minuten"},"schema":{"@context":"https:\/\/schema.org","@graph":[{"@type":"WebSite","@id":"https:\/\/sassofino.de\/#website","url":"https:\/\/sassofino.de\/","name":"Sassofino","description":"Neues Leben f\u00fcr alten Stein","potentialAction":[{"@type":"SearchAction","target":{"@type":"EntryPoint","urlTemplate":"https:\/\/sassofino.de\/?s={search_term_string}"},"query-input":"required name=search_term_string"}],"inLanguage":"de"},{"@type":"WebPage","@id":"https:\/\/sassofino.de\/?page_id=344","url":"https:\/\/sassofino.de\/?page_id=344","name":"Stellenangebote - Sassofino","isPartOf":{"@id":"https:\/\/sassofino.de\/#website"},"datePublished":"2020-09-02T12:13:15+00:00","dateModified":"2020-09-02T12:13:15+00:00","breadcrumb":{"@id":"https:\/\/sassofino.de\/?page_id=344#breadcrumb"},"inLanguage":"de","potentialAction":[{"@type":"ReadAction","target":["https:\/\/sassofino.de\/?page_id=344"]}]},{"@type":"BreadcrumbList","@id":"https:\/\/sassofino.de\/?page_id=344#breadcrumb","itemListElement":[{"@type":"ListItem","position":1,"name":"Home","item":"https:\/\/sassofino.de\/"},{"@type":"ListItem","position":2,"name":"Stellenangebote"}]}]}},"_links":{"self":[{"href":"https:\/\/sassofino.de\/index.php?rest_route=\/wp\/v2\/pages\/344"}],"collection":[{"href":"https:\/\/sassofino.de\/index.php?rest_route=\/wp\/v2\/pages"}],"about":[{"href":"https:\/\/sassofino.de\/index.php?rest_route=\/wp\/v2\/types\/page"}],"author":[{"embeddable":true,"href":"https:\/\/sassofino.de\/index.php?rest_route=\/wp\/v2\/users\/2"}],"replies":[{"embeddable":true,"href":"https:\/\/sassofino.de\/index.php?rest_route=%2Fwp%2Fv2%2Fcomments&post=344"}],"version-history":[{"count":2,"href":"https:\/\/sassofino.de\/index.php?rest_route=\/wp\/v2\/pages\/344\/revisions"}],"predecessor-version":[{"id":346,"href":"https:\/\/sassofino.de\/index.php?rest_route=\/wp\/v2\/pages\/344\/revisions\/346"}],"wp:attachment":[{"href":"https:\/\/sassofino.de\/index.php?rest_route=%2Fwp%2Fv2%2Fmedia&parent=344"}],"curies":[{"name":"wp","href":"https:\/\/api.w.org\/{rel}","templated":true}]}}