{"id":350,"date":"2020-09-02T12:15:59","date_gmt":"2020-09-02T12:15:59","guid":{"rendered":"https:\/\/sassofino.strausberg-websites.de\/?page_id=350"},"modified":"2020-09-02T12:15:59","modified_gmt":"2020-09-02T12:15:59","slug":"referenzen","status":"publish","type":"page","link":"https:\/\/sassofino.de\/?page_id=350","title":{"rendered":"Referenzen"},"content":{"rendered":"<div class=\"flex_column av_one_full  flex_column_div av-zero-column-padding first  avia-builder-el-0  el_before_av_one_full  avia-builder-el-first  \" style='border-radius:0px; '><div  style='padding-bottom:10px; ' class='av-special-heading av-special-heading-h1    avia-builder-el-1  avia-builder-el-no-sibling  '><h1 class='av-special-heading-tag '  itemprop=\"headline\"  >Referenzen<\/h1><div class='special-heading-border'><div class='special-heading-inner-border' ><\/div><\/div><\/div><\/div><div class=\"flex_column av_one_full  flex_column_div av-zero-column-padding first  avia-builder-el-2  el_after_av_one_full  avia-builder-el-last  column-top-margin\" style='border-radius:0px; '><section class=\"av_textblock_section \"  itemscope=\"itemscope\" itemtype=\"https:\/\/schema.org\/CreativeWork\" ><div class='avia_textblock  '   itemprop=\"text\" ><section class=\"elementor-element elementor-element-qhtezkj elementor-section-stretched elementor-section-boxed elementor-section-height-default elementor-section-height-default elementor-section elementor-top-section\" data-id=\"qhtezkj\" data-element_type=\"section\" data-settings=\"{&quot;stretch_section&quot;:&quot;section-stretched&quot;}\">\n<div class=\"elementor-container elementor-column-gap-default\">\n<div class=\"elementor-row\">\n<div class=\"elementor-element elementor-element-sryjozl elementor-column elementor-col-66 elementor-top-column\" data-id=\"sryjozl\" data-element_type=\"column\">\n<div class=\"elementor-column-wrap elementor-element-populated\">\n<div class=\"elementor-widget-wrap\">\n<div class=\"elementor-element elementor-element-gqspkje elementor-widget elementor-widget-text-editor\" data-id=\"gqspkje\" data-element_type=\"widget\" data-widget_type=\"text-editor.default\">\n<div class=\"elementor-widget-container\">\n<div class=\"elementor-text-editor elementor-clearfix\">\n<p><strong>Ein Auszug aus der Referenzlise unserer gewerblichen Kunden<\/strong><\/p>\n<p><a href=\"http:\/\/www.flagstone.de\/\" target=\"_blank\" rel=\"nofollow noopener noreferrer\">Flagstone, Berlin 10178, Showroom Oranienburger Stra\u00dfe 21<\/a><\/p>\n<p>Central Bauten- und Projektentwicklung, Berlin<\/p>\n<p>Gemeinde Schorfheide<\/p>\n<p>EWE Gasspeicher GmbH, Oldenburg<\/p>\n<p>Kieferorthop\u00e4den in Berlin, Berlin<\/p>\n<p>Kick und Win Fu\u00dfballschulen, Strausberg<\/p>\n<p>LeCroBag GmbH &amp; Co.KG, Hamburg<\/p>\n<p>Metamorph GmbH, Berlin<\/p>\n<p>M\u00fcggelseeresidenzen, Berlin<\/p>\n<p>Tell Bau GmbH, Berlin<\/p>\n<p>Total Deutschland GmbH, Berlin<\/p>\n<p>UBB Umbaub\u00fcro GmbH &amp; Co.KG, Berlin<\/p>\n<p>Vaith &amp; Sohn Fliesenverlegung, Berlin<\/p>\n<p>WBF Ingenieurbau GmbH, Falkensee<\/p>\n<h2>Ein Auszug aus der anonymisierten Referenzliste unserer privaten Kunden<\/h2>\n<p>\u2026. Esmarchstra\u00dfe .., Berlin<\/p>\n<p>\u2026. Townh\u00e4user, Caroline-von-Humboldtweg .., Berlin<\/p>\n<p>\u2026. Linienstra\u00dfe .. , Berlin<\/p>\n<p>\u2026. Kladower Damm .. , Berlin<\/p>\n<p>\u2026. Fintelmannstra\u00dfe .. , Berlin<\/p>\n<p>\u2026. Kurf\u00fcrstendamm .. , Berlin<\/p>\n<p>\u2026. Lortzingstra\u00dfe .. , Gaggenau<\/p>\n<p>\u2026. Sigismundkorso .., Berlin<\/p>\n<p>\u2026. Eichenstra\u00dfe .. , Hoppegarten<\/p>\n<p>\u2026. Tannenwaldallee .. , Bad Homburg<\/p>\n<p>\u2026. Zeppelinstra\u00dfe .. , Bodelshausen<\/p>\n<p>Bitte haben Sie Verst\u00e4ndnis, dass wir hier aus Diskretionsgr\u00fcnden keine vollst\u00e4ndigen Adressen angeben. W\u00fcnschen Sie detaillierte Informationen, sprechen Sie uns bitte an.<\/p>\n<\/div>\n<\/div>\n<\/div>\n<\/div>\n<\/div>\n<\/div>\n<\/div>\n<\/div>\n<\/section>\n<section class=\"elementor-element elementor-element-jjqmgpw elementor-section-stretched elementor-section-boxed elementor-section-height-default elementor-section-height-default elementor-section elementor-top-section\" data-id=\"jjqmgpw\" data-element_type=\"section\" data-settings=\"{&quot;stretch_section&quot;:&quot;section-stretched&quot;}\">\n<div class=\"elementor-container elementor-column-gap-default\">\n<div class=\"elementor-row\">\n<div class=\"elementor-element elementor-element-zjpznmj elementor-column elementor-col-100 elementor-top-column\" data-id=\"zjpznmj\" data-element_type=\"column\">\n<div class=\"elementor-column-wrap elementor-element-populated\">\n<div class=\"elementor-widget-wrap\">\n<div class=\"elementor-element elementor-element-ihmeuln elementor-widget elementor-widget-divider\" data-id=\"ihmeuln\" data-element_type=\"widget\" data-widget_type=\"divider.default\">\n<div class=\"elementor-widget-container\">\n<div class=\"elementor-divider\"><\/div>\n<\/div>\n<\/div>\n<\/div>\n<\/div>\n<\/div>\n<\/div>\n<\/div>\n<\/section>\n<\/div><\/section><\/div><\/p>\n","protected":false},"excerpt":{"rendered":"","protected":false},"author":2,"featured_media":0,"parent":0,"menu_order":0,"comment_status":"closed","ping_status":"closed","template":"","meta":[],"yoast_head":"<!-- This site is optimized with the Yoast SEO plugin v19.4 - https:\/\/yoast.com\/wordpress\/plugins\/seo\/ -->\n<title>Referenzen - Sassofino<\/title>\n<meta name=\"robots\" content=\"noindex, follow, max-snippet:-1, max-image-preview:large, max-video-preview:-1\" \/>\n<meta property=\"og:locale\" content=\"de_DE\" \/>\n<meta property=\"og:type\" content=\"article\" \/>\n<meta property=\"og:title\" content=\"Referenzen - Sassofino\" \/>\n<meta property=\"og:url\" content=\"https:\/\/sassofino.de\/?page_id=350\" \/>\n<meta property=\"og:site_name\" content=\"Sassofino\" \/>\n<meta name=\"twitter:card\" content=\"summary_large_image\" \/>\n<meta name=\"twitter:label1\" content=\"Gesch\u00e4tzte Lesezeit\" \/>\n\t<meta name=\"twitter:data1\" content=\"2\u00a0Minuten\" \/>\n<script type=\"application\/ld+json\" class=\"yoast-schema-graph\">{\"@context\":\"https:\/\/schema.org\",\"@graph\":[{\"@type\":\"WebSite\",\"@id\":\"https:\/\/sassofino.de\/#website\",\"url\":\"https:\/\/sassofino.de\/\",\"name\":\"Sassofino\",\"description\":\"Neues Leben f\u00fcr alten Stein\",\"potentialAction\":[{\"@type\":\"SearchAction\",\"target\":{\"@type\":\"EntryPoint\",\"urlTemplate\":\"https:\/\/sassofino.de\/?s={search_term_string}\"},\"query-input\":\"required name=search_term_string\"}],\"inLanguage\":\"de\"},{\"@type\":\"WebPage\",\"@id\":\"https:\/\/sassofino.de\/?page_id=350\",\"url\":\"https:\/\/sassofino.de\/?page_id=350\",\"name\":\"Referenzen - Sassofino\",\"isPartOf\":{\"@id\":\"https:\/\/sassofino.de\/#website\"},\"datePublished\":\"2020-09-02T12:15:59+00:00\",\"dateModified\":\"2020-09-02T12:15:59+00:00\",\"breadcrumb\":{\"@id\":\"https:\/\/sassofino.de\/?page_id=350#breadcrumb\"},\"inLanguage\":\"de\",\"potentialAction\":[{\"@type\":\"ReadAction\",\"target\":[\"https:\/\/sassofino.de\/?page_id=350\"]}]},{\"@type\":\"BreadcrumbList\",\"@id\":\"https:\/\/sassofino.de\/?page_id=350#breadcrumb\",\"itemListElement\":[{\"@type\":\"ListItem\",\"position\":1,\"name\":\"Home\",\"item\":\"https:\/\/sassofino.de\/\"},{\"@type\":\"ListItem\",\"position\":2,\"name\":\"Referenzen\"}]}]}<\/script>\n<!-- \/ Yoast SEO plugin. -->","yoast_head_json":{"title":"Referenzen - Sassofino","robots":{"index":"noindex","follow":"follow","max-snippet":"max-snippet:-1","max-image-preview":"max-image-preview:large","max-video-preview":"max-video-preview:-1"},"og_locale":"de_DE","og_type":"article","og_title":"Referenzen - Sassofino","og_url":"https:\/\/sassofino.de\/?page_id=350","og_site_name":"Sassofino","twitter_card":"summary_large_image","twitter_misc":{"Gesch\u00e4tzte Lesezeit":"2\u00a0Minuten"},"schema":{"@context":"https:\/\/schema.org","@graph":[{"@type":"WebSite","@id":"https:\/\/sassofino.de\/#website","url":"https:\/\/sassofino.de\/","name":"Sassofino","description":"Neues Leben f\u00fcr alten Stein","potentialAction":[{"@type":"SearchAction","target":{"@type":"EntryPoint","urlTemplate":"https:\/\/sassofino.de\/?s={search_term_string}"},"query-input":"required name=search_term_string"}],"inLanguage":"de"},{"@type":"WebPage","@id":"https:\/\/sassofino.de\/?page_id=350","url":"https:\/\/sassofino.de\/?page_id=350","name":"Referenzen - Sassofino","isPartOf":{"@id":"https:\/\/sassofino.de\/#website"},"datePublished":"2020-09-02T12:15:59+00:00","dateModified":"2020-09-02T12:15:59+00:00","breadcrumb":{"@id":"https:\/\/sassofino.de\/?page_id=350#breadcrumb"},"inLanguage":"de","potentialAction":[{"@type":"ReadAction","target":["https:\/\/sassofino.de\/?page_id=350"]}]},{"@type":"BreadcrumbList","@id":"https:\/\/sassofino.de\/?page_id=350#breadcrumb","itemListElement":[{"@type":"ListItem","position":1,"name":"Home","item":"https:\/\/sassofino.de\/"},{"@type":"ListItem","position":2,"name":"Referenzen"}]}]}},"_links":{"self":[{"href":"https:\/\/sassofino.de\/index.php?rest_route=\/wp\/v2\/pages\/350"}],"collection":[{"href":"https:\/\/sassofino.de\/index.php?rest_route=\/wp\/v2\/pages"}],"about":[{"href":"https:\/\/sassofino.de\/index.php?rest_route=\/wp\/v2\/types\/page"}],"author":[{"embeddable":true,"href":"https:\/\/sassofino.de\/index.php?rest_route=\/wp\/v2\/users\/2"}],"replies":[{"embeddable":true,"href":"https:\/\/sassofino.de\/index.php?rest_route=%2Fwp%2Fv2%2Fcomments&post=350"}],"version-history":[{"count":2,"href":"https:\/\/sassofino.de\/index.php?rest_route=\/wp\/v2\/pages\/350\/revisions"}],"predecessor-version":[{"id":352,"href":"https:\/\/sassofino.de\/index.php?rest_route=\/wp\/v2\/pages\/350\/revisions\/352"}],"wp:attachment":[{"href":"https:\/\/sassofino.de\/index.php?rest_route=%2Fwp%2Fv2%2Fmedia&parent=350"}],"curies":[{"name":"wp","href":"https:\/\/api.w.org\/{rel}","templated":true}]}}